{"id":11,"date":"2011-10-23T09:33:09","date_gmt":"2011-10-23T09:33:09","guid":{"rendered":"http:\/\/www.montessori-kriftel.de\/wordpress\/?page_id=11"},"modified":"2022-11-21T11:16:23","modified_gmt":"2022-11-21T10:16:23","slug":"kinderhaus","status":"publish","type":"page","link":"https:\/\/www.montessori-kriftel.de\/?page_id=11","title":{"rendered":"Kinderhaus (3-6 Jahre)"},"content":{"rendered":"<p>Das Kinderhaus wurde am 4. September 1995 er\u00f6ffnet. Es war zun\u00e4chst im Erweiterungsbau der Lindenschule untergebracht. Im Sommer 1997 zog es um in den Containerbau in die K\u00f6ngisberger Stra\u00dfe 67, der urspr\u00fcnglich als \u00dcbergangsl\u00f6sung f\u00fcr die gemeindeeigene Kindertagesst\u00e4tte aufgestellt wurde. Nachdem sich abzeichnete, dass ein Neubau in absehbarer Zeit nicht erstellt werden w\u00fcrde, wurden im Sp\u00e4tsommer 2000 mit einem neuen Dach die klimatischen Bedingungen im Geb\u00e4ude verbessert und das Kinderhaus erhielt eine unbefristete Betriebserlaubnis. Das Kinderhaus blickte in 2020 auf 25 Jahre erfolgreiche Arbeit zur\u00fcck. Aufgrund der Corona-Pandemie konnte dies nicht so gefeiert werden, wie das <a href=\"https:\/\/www.montessori-kriftel.de\/wp-content\/uploads\/2015\/09\/15-09-02-_PMJubilaeum.pdf\" target=\"_blank\" rel=\"noopener noreferrer\">20j\u00e4hrige Jubil\u00e4um 2015<\/a>. Zum Gel\u00e4nde geh\u00f6rt ein gro\u00dfz\u00fcgiges Au\u00dfengel\u00e4nde, das hinter dem Geb\u00e4ude beginnt und sich bis zur Landesstra\u00dfe erstreckt. Das Kinderhaus arbeitet nach dem Prinzip der offenen Gruppen. Es gibt sechs Arbeitsbereiche. Die Kinder k\u00f6nnen sich jeden Tag neu entscheiden in welchen Bereich sie gehen, welchen Kindern sie sich anschlie\u00dfen bzw. von welcher ErzieherIn sie betreut werden wollen.<\/p>\n<p>Voraussichtlich im Jahr 2024 wird das Kinderhaus zusammen mit der Krippe in neue R\u00e4ume in der Bleichstra\u00dfe ziehen, wo zuvor die Kindertagesst\u00e4tte &#8222;Kinderplanet&#8220; untergebracht war. Das alte Geb\u00e4ude wird abgerissen und durch einen <a href=\"https:\/\/www.montessori-kriftel.de\/wp-content\/uploads\/2020\/10\/20-09-14HKGruenesLicht.png\" target=\"_blank\" rel=\"noopener noreferrer\">Neubau\u00a0(Artikel H\u00f6chster Kreisblatt vom 14.09.2020)<\/a> ersetzt.<\/p>\n<p>Die Tr\u00e4gerschaft wurde zum 01.09.2022 auf die kinder(t)r\u00e4ume Kelkheim gGmbH \u00fcbertragen. N\u00e4here Informationen k\u00f6nnen dort erfragt werden.<\/p>\n<p>&nbsp;<\/p>\n","protected":false},"excerpt":{"rendered":"<p>Das Kinderhaus wurde am 4. September 1995 er\u00f6ffnet. Es war zun\u00e4chst im Erweiterungsbau der Lindenschule untergebracht. Im Sommer 1997 zog es um in den Containerbau in die K\u00f6ngisberger Stra\u00dfe 67, der urspr\u00fcnglich als \u00dcbergangsl\u00f6sung f\u00fcr die gemeindeeigene Kindertagesst\u00e4tte aufgestellt wurde. &hellip; <a href=\"https:\/\/www.montessori-kriftel.de\/?page_id=11\">Weiterlesen <span class=\"meta-nav\">&rarr;<\/span><\/a><\/p>\n","protected":false},"author":1,"featured_media":1321,"parent":0,"menu_order":0,"comment_status":"closed","ping_status":"closed","template":"","meta":{"footnotes":""},"class_list":["post-11","page","type-page","status-publish","has-post-thumbnail","hentry"],"_links":{"self":[{"href":"https:\/\/www.montessori-kriftel.de\/index.php?rest_route=\/wp\/v2\/pages\/11","targetHints":{"allow":["GET"]}}],"collection":[{"href":"https:\/\/www.montessori-kriftel.de\/index.php?rest_route=\/wp\/v2\/pages"}],"about":[{"href":"https:\/\/www.montessori-kriftel.de\/index.php?rest_route=\/wp\/v2\/types\/page"}],"author":[{"embeddable":true,"href":"https:\/\/www.montessori-kriftel.de\/index.php?rest_route=\/wp\/v2\/users\/1"}],"replies":[{"embeddable":true,"href":"https:\/\/www.montessori-kriftel.de\/index.php?rest_route=%2Fwp%2Fv2%2Fcomments&post=11"}],"version-history":[{"count":28,"href":"https:\/\/www.montessori-kriftel.de\/index.php?rest_route=\/wp\/v2\/pages\/11\/revisions"}],"predecessor-version":[{"id":2750,"href":"https:\/\/www.montessori-kriftel.de\/index.php?rest_route=\/wp\/v2\/pages\/11\/revisions\/2750"}],"wp:featuredmedia":[{"embeddable":true,"href":"https:\/\/www.montessori-kriftel.de\/index.php?rest_route=\/wp\/v2\/media\/1321"}],"wp:attachment":[{"href":"https:\/\/www.montessori-kriftel.de\/index.php?rest_route=%2Fwp%2Fv2%2Fmedia&parent=11"}],"curies":[{"name":"wp","href":"https:\/\/api.w.org\/{rel}","templated":true}]}}