{"id":251,"date":"2012-01-26T12:38:52","date_gmt":"2012-01-26T11:38:52","guid":{"rendered":"http:\/\/www.montessori-kriftel.de\/?page_id=251"},"modified":"2023-07-16T11:09:47","modified_gmt":"2023-07-16T10:09:47","slug":"basar","status":"publish","type":"page","link":"https:\/\/www.montessori-kriftel.de\/?page_id=251","title":{"rendered":"Basar"},"content":{"rendered":"<p>&nbsp;<\/p>\n<p><strong>Der n\u00e4chste Basartermin steht noch nicht fest.<\/strong><\/p>\n<p>&nbsp;<\/p>\n<p>Bei unseren Basaren werden maximal 70 Anbieter angenommen. Der Termin f\u00fcr die Nummernvergabe wird noch bekanntgegeben. Anmeldungen bitte per Email an montessori.basar[at]yahoo.de. Die Verk\u00e4ufergeb\u00fchr betr\u00e4gt 5 \u20ac. Es gibt keinen Vorverkauf f\u00fcr Schwangere. Abgabe der Verkaufsartikel am Freitag vor dem Basartag, 15:30 bis 16:30 Uhr. Der Verkauf startet am Samstag f\u00fcr alle um 09:30 Uhr. Au\u00dferdem gibt es ein gro\u00dfes Kuchenbuffet und eine Malecke f\u00fcr die Kleinen.<\/p>\n<p><strong><a href=\"https:\/\/www.montessori-kriftel.de\/wp-content\/uploads\/2020\/01\/VerkaufsbedBasar.pdf\" target=\"_blank\" rel=\"noopener noreferrer\">Verkaufsbedingungen<\/a><\/strong><\/p>\n<p>Unsere Kleider- und Spielzeugbasare finden zwei Mal im Jahr statt und werden von vielen ehrenamtlichen Helfern ausgerichtet, die die Ware f\u00fcr den Verkauf sortieren, auslegen und danach wieder zur Abholung verpacken. Daf\u00fcr wird sowohl vom K\u00e4ufer als auch vom Verk\u00e4ufer ein Beitrag verlangt (siehe unten), der an das Kinderhaus f\u00fcr zus\u00e4tzliches Spiel- und Arbeitsmaterial gespendet wird.<br \/>\n<strong>Bitte beachten:<\/strong> Wegen der r\u00e4umlichen Bedingungen am Veranstaltungsort bitten wir alle Anbieter ihre Ware AUSSCHLIESSLICH in ausreichend gro\u00dfen W\u00c4SCHEK\u00d6RBEN bzw. Klappboxen (und nicht in Pappboxen, Umzugskartons, M\u00fclls\u00e4cken o. \u00e4.). Die zu verkaufende Ware soll sauber und OHNE Besch\u00e4digungen sein und der anstehenden Saison entsprechen (Fr\u00fchjahr\/Sommer bzw. Herbst\/Winter).<\/p>\n<p>Damit die Abwicklung so z\u00fcgig wie m\u00f6glich erfolgen kann, bitten wir folgendes zu beachten:<\/p>\n<ol>\n<li>Pro Nummer kann nur eine Kleiderkiste mit max. 50 Teilen, abgegeben werden.<\/li>\n<li>Pro Nummer k\u00f6nnen 3 Paar sehr gut erhaltene Schuhe abgegeben werden. Bei offensichtlicher Abnutzung der Schuhe behalten wir uns jedoch vor, die entsprechende Ware nicht auszulegen.<\/li>\n<li>Zus\u00e4tzlich kann ein Korb mit Spielzeug abgegeben werden.<\/li>\n<li>Bei der Abgabe werden 5 \u20ac Verwaltungsgeb\u00fchr pro Nummer erhoben.<\/li>\n<li>Folgende Bekleidung wird NICHT angenommen: Unterw\u00e4sche (Ausnahme Bodies bis Gr. 98),\u00a0Socken<\/li>\n<li>Folgende Spielwaren werden NICHT angenommen: Stofftiere, Kassetten, Videokassetten<\/li>\n<li>Es kann gut erhaltene Umstandsmode (keine Unterw\u00e4sche) abgegeben werden.<\/li>\n<li>Kindersitze werden nur in der noch erlaubten EU-Norm (mindestens ECE44\/03 oder h\u00f6her) angenommen<\/li>\n<li>Kleidungsst\u00fccke im Korb bitte nach Typ (Hose, Pulli, &#8230;) und Gr\u00f6\u00dfe sortieren.<\/li>\n<li>Nicht verkaufte Ware kann direkt im Anschluss an den Basar einem wohlt\u00e4tigen Zweck gespendet werden. Wenn diese M\u00f6glichkeit in Anspruch genommen wird, dann bitte die\u00a0Ware\u00a0auf dem Etikett mit einem gr\u00fcnen Punkt kennzeichnen. Sie wird\u00a0nach dem Basar nicht in den Korb zur\u00fcck sortiert sondern separat gesammelt und\u00a0gespendet. Die Spende wird vom Basarteam des Montessori Arbeitskreis Kriftel organisiert.<\/li>\n<li>Jedes <span style=\"color: #ff0000;\">Kleidungsst\u00fcck von au\u00dfen gut lesbar beschriften<\/span> mit <strong>Gr\u00f6\u00dfe und Preis<\/strong> in BLAU oder SCHWARZ und <strong>Anbieternummer<\/strong> in ROT, auf Wunsch der Spendenpunkt zus\u00e4tzlich in GR\u00dcN. Einfachste Variante: Kreppband au\u00dfen auf der Kleidung. Bitte darauf achten, dass die Schrift trocknet. Leider kam es bereits vor, dass andere Kleidungsst\u00fccke durch Abf\u00e4rben verschmutzt wurden.<\/li>\n<li>Den Korb mit Anbieternummer in gro\u00dfer Schrift an zwei Seiten beschriften.<\/li>\n<li>Zur Vereinfachung der Abrechnung und Beschleunigung des Kassiervorganges runden wir die Betr\u00e4ge nach kaufm\u00e4nnischen Regeln auf oder ab.<\/li>\n<li>Dem Verk\u00e4ufer werden 10 % vom Verkaufserl\u00f6s abgezogen.<\/li>\n<li>Dem K\u00e4ufer werden 10 % auf den Einkaufspreis aufgeschlagen.<\/li>\n<li>Abgabe der Ware am Freitag vor dem Basartermin zwischen 15:30 und 16:30Uhr im Krifteler Rat- und B\u00fcrgerhaus.<\/li>\n<li>Verkauf ab 09:30 Uhr am ver\u00f6ffentlichten Verkaufstag.<\/li>\n<li><strong>Abholung der nicht verkauften Ware<\/strong> und Auszahlung des Verkaufserl\u00f6ses <strong>am Verkaufstag von 15:30 bis 16:30 Uhr<\/strong>.<\/li>\n<li>Kuchenspenden werden gerne entgegengenommen, bitte ab 9:00 Uhr am Verkaufstag abgeben.<\/li>\n<li>Wir haften nicht f\u00fcr verloren gegangene Ware. Die \u00dcberlassung zum Verkauf erfolgt auf Risiko des Verk\u00e4ufers. Wir tun unser M\u00f6glichstes, um Diebst\u00e4hle zu vermeiden.<\/li>\n<li>Wir behalten uns vor, Taschenkontrollen durchzuf\u00fchren. Wir bitten alle Kunden, die bezahlten Waren von den unbezahlten getrennt zu halten, damit Missverst\u00e4ndnisse vermieden werden.<\/li>\n<\/ol>\n<p>&nbsp;<\/p>\n","protected":false},"excerpt":{"rendered":"<p>&nbsp; Der n\u00e4chste Basartermin steht noch nicht fest. &nbsp; Bei unseren Basaren werden maximal 70 Anbieter angenommen. Der Termin f\u00fcr die Nummernvergabe wird noch bekanntgegeben. Anmeldungen bitte per Email an montessori.basar[at]yahoo.de. Die Verk\u00e4ufergeb\u00fchr betr\u00e4gt 5 \u20ac. Es gibt keinen Vorverkauf &hellip; <a href=\"https:\/\/www.montessori-kriftel.de\/?page_id=251\">Weiterlesen <span class=\"meta-nav\">&rarr;<\/span><\/a><\/p>\n","protected":false},"author":2,"featured_media":266,"parent":5,"menu_order":0,"comment_status":"closed","ping_status":"closed","template":"","meta":{"footnotes":""},"class_list":["post-251","page","type-page","status-publish","has-post-thumbnail","hentry"],"_links":{"self":[{"href":"https:\/\/www.montessori-kriftel.de\/index.php?rest_route=\/wp\/v2\/pages\/251","targetHints":{"allow":["GET"]}}],"collection":[{"href":"https:\/\/www.montessori-kriftel.de\/index.php?rest_route=\/wp\/v2\/pages"}],"about":[{"href":"https:\/\/www.montessori-kriftel.de\/index.php?rest_route=\/wp\/v2\/types\/page"}],"author":[{"embeddable":true,"href":"https:\/\/www.montessori-kriftel.de\/index.php?rest_route=\/wp\/v2\/users\/2"}],"replies":[{"embeddable":true,"href":"https:\/\/www.montessori-kriftel.de\/index.php?rest_route=%2Fwp%2Fv2%2Fcomments&post=251"}],"version-history":[{"count":67,"href":"https:\/\/www.montessori-kriftel.de\/index.php?rest_route=\/wp\/v2\/pages\/251\/revisions"}],"predecessor-version":[{"id":2779,"href":"https:\/\/www.montessori-kriftel.de\/index.php?rest_route=\/wp\/v2\/pages\/251\/revisions\/2779"}],"up":[{"embeddable":true,"href":"https:\/\/www.montessori-kriftel.de\/index.php?rest_route=\/wp\/v2\/pages\/5"}],"wp:featuredmedia":[{"embeddable":true,"href":"https:\/\/www.montessori-kriftel.de\/index.php?rest_route=\/wp\/v2\/media\/266"}],"wp:attachment":[{"href":"https:\/\/www.montessori-kriftel.de\/index.php?rest_route=%2Fwp%2Fv2%2Fmedia&parent=251"}],"curies":[{"name":"wp","href":"https:\/\/api.w.org\/{rel}","templated":true}]}}