{"id":38,"date":"2011-10-23T16:19:24","date_gmt":"2011-10-23T16:19:24","guid":{"rendered":"http:\/\/www.montessori-kriftel.de\/wordpress\/?page_id=38"},"modified":"2022-11-23T10:52:06","modified_gmt":"2022-11-23T09:52:06","slug":"kontakt","status":"publish","type":"page","link":"https:\/\/www.montessori-kriftel.de\/?page_id=38","title":{"rendered":"Kontakt und Information"},"content":{"rendered":"<p><strong>Kinderhaus:<\/strong> 0 61 92\/4 31 50, buero@kindertraeume-online.org<\/p>\n<p><strong>Adresse:<\/strong> K\u00f6nigsberger Stra\u00dfe 67, 65830 Kriftel<\/p>\n<p>Die Platzvergabe erfolgt \u00fcber die Gemeindeverwaltung Kriftel. Kinder m\u00fcssen dort angemeldet sein.<\/p>\n","protected":false},"excerpt":{"rendered":"<p>Kinderhaus: 0 61 92\/4 31 50, buero@kindertraeume-online.org Adresse: K\u00f6nigsberger Stra\u00dfe 67, 65830 Kriftel Die Platzvergabe erfolgt \u00fcber die Gemeindeverwaltung Kriftel. Kinder m\u00fcssen dort angemeldet sein.<\/p>\n","protected":false},"author":1,"featured_media":0,"parent":11,"menu_order":0,"comment_status":"closed","ping_status":"closed","template":"","meta":{"footnotes":""},"class_list":["post-38","page","type-page","status-publish","hentry"],"_links":{"self":[{"href":"https:\/\/www.montessori-kriftel.de\/index.php?rest_route=\/wp\/v2\/pages\/38","targetHints":{"allow":["GET"]}}],"collection":[{"href":"https:\/\/www.montessori-kriftel.de\/index.php?rest_route=\/wp\/v2\/pages"}],"about":[{"href":"https:\/\/www.montessori-kriftel.de\/index.php?rest_route=\/wp\/v2\/types\/page"}],"author":[{"embeddable":true,"href":"https:\/\/www.montessori-kriftel.de\/index.php?rest_route=\/wp\/v2\/users\/1"}],"replies":[{"embeddable":true,"href":"https:\/\/www.montessori-kriftel.de\/index.php?rest_route=%2Fwp%2Fv2%2Fcomments&post=38"}],"version-history":[{"count":28,"href":"https:\/\/www.montessori-kriftel.de\/index.php?rest_route=\/wp\/v2\/pages\/38\/revisions"}],"predecessor-version":[{"id":2756,"href":"https:\/\/www.montessori-kriftel.de\/index.php?rest_route=\/wp\/v2\/pages\/38\/revisions\/2756"}],"up":[{"embeddable":true,"href":"https:\/\/www.montessori-kriftel.de\/index.php?rest_route=\/wp\/v2\/pages\/11"}],"wp:attachment":[{"href":"https:\/\/www.montessori-kriftel.de\/index.php?rest_route=%2Fwp%2Fv2%2Fmedia&parent=38"}],"curies":[{"name":"wp","href":"https:\/\/api.w.org\/{rel}","templated":true}]}}