{"id":40,"date":"2011-10-23T16:19:54","date_gmt":"2011-10-23T16:19:54","guid":{"rendered":"http:\/\/www.montessori-kriftel.de\/wordpress\/?page_id=40"},"modified":"2023-07-16T11:08:46","modified_gmt":"2023-07-16T10:08:46","slug":"vorstand","status":"publish","type":"page","link":"https:\/\/www.montessori-kriftel.de\/?page_id=40","title":{"rendered":"Vorstand"},"content":{"rendered":"<p>Der Verein wird in ehrenamtlicher T\u00e4tigkeit gef\u00fchrt. Der Vorstand besteht aus bis zu f\u00fcnf Mitgliedern, derzeit nur aus vier. Der Vorstand wurde auf der Mitgliederversammlung 2023 neu gew\u00e4hlt. Die Amtszeit betr\u00e4gt 2 Jahre.<\/p>\n<ul>\n<li>Karsten Vischer, Vorsitzender<\/li>\n<li>Annalena Perez Camacho, stellvertretende Vorsitzende<\/li>\n<li>Coletta Parnitzke, Beisitzerin<\/li>\n<li>Regina Vischer, Gr\u00fcndungsmitglied, Vorsitzende von 1994 &#8211; 2023, Industriekauffrau,<br \/>\nMontessori-Diplom, jetzt Beisitzerin<\/li>\n<\/ul>\n<p>N\u00e4chste Vorstandswahl: 2025<\/p>\n<p>&nbsp;<\/p>\n<p>&nbsp;<\/p>\n<p>&nbsp;<\/p>\n<p>&nbsp;<\/p>\n","protected":false},"excerpt":{"rendered":"<p>Der Verein wird in ehrenamtlicher T\u00e4tigkeit gef\u00fchrt. Der Vorstand besteht aus bis zu f\u00fcnf Mitgliedern, derzeit nur aus vier. Der Vorstand wurde auf der Mitgliederversammlung 2023 neu gew\u00e4hlt. Die Amtszeit betr\u00e4gt 2 Jahre. Karsten Vischer, Vorsitzender Annalena Perez Camacho, stellvertretende &hellip; <a href=\"https:\/\/www.montessori-kriftel.de\/?page_id=40\">Weiterlesen <span class=\"meta-nav\">&rarr;<\/span><\/a><\/p>\n","protected":false},"author":1,"featured_media":0,"parent":9,"menu_order":0,"comment_status":"closed","ping_status":"closed","template":"","meta":{"footnotes":""},"class_list":["post-40","page","type-page","status-publish","hentry"],"_links":{"self":[{"href":"https:\/\/www.montessori-kriftel.de\/index.php?rest_route=\/wp\/v2\/pages\/40","targetHints":{"allow":["GET"]}}],"collection":[{"href":"https:\/\/www.montessori-kriftel.de\/index.php?rest_route=\/wp\/v2\/pages"}],"about":[{"href":"https:\/\/www.montessori-kriftel.de\/index.php?rest_route=\/wp\/v2\/types\/page"}],"author":[{"embeddable":true,"href":"https:\/\/www.montessori-kriftel.de\/index.php?rest_route=\/wp\/v2\/users\/1"}],"replies":[{"embeddable":true,"href":"https:\/\/www.montessori-kriftel.de\/index.php?rest_route=%2Fwp%2Fv2%2Fcomments&post=40"}],"version-history":[{"count":49,"href":"https:\/\/www.montessori-kriftel.de\/index.php?rest_route=\/wp\/v2\/pages\/40\/revisions"}],"predecessor-version":[{"id":2778,"href":"https:\/\/www.montessori-kriftel.de\/index.php?rest_route=\/wp\/v2\/pages\/40\/revisions\/2778"}],"up":[{"embeddable":true,"href":"https:\/\/www.montessori-kriftel.de\/index.php?rest_route=\/wp\/v2\/pages\/9"}],"wp:attachment":[{"href":"https:\/\/www.montessori-kriftel.de\/index.php?rest_route=%2Fwp%2Fv2%2Fmedia&parent=40"}],"curies":[{"name":"wp","href":"https:\/\/api.w.org\/{rel}","templated":true}]}}