{"id":5,"date":"2011-10-23T09:28:29","date_gmt":"2011-10-23T09:28:29","guid":{"rendered":"http:\/\/www.montessori-kriftel.de\/wordpress\/?page_id=5"},"modified":"2023-07-16T10:54:22","modified_gmt":"2023-07-16T09:54:22","slug":"herzlich-willkommen-auf-unserer-seite","status":"publish","type":"page","link":"https:\/\/www.montessori-kriftel.de\/","title":{"rendered":"Herzlich Willkommen auf unserer Seite!"},"content":{"rendered":"<p>Wir sind ein gemeinn\u00fctziger Verein, der seit November 1994 besteht. Im September 1995 hat der <a href=\"https:\/\/www.montessori-kriftel.de\/?page_id=9\" target=\"_blank\" rel=\"noopener noreferrer\">Verein<\/a> ein Montessori-<a href=\"https:\/\/www.montessori-kriftel.de\/?page_id=11\" target=\"_blank\" rel=\"noopener noreferrer\">Kinderhaus<\/a> f\u00fcr 40 Kinder, darunter 4 Kinder mit besonderen Bed\u00fcrfnissen, im Alter von 3 bis 6 Jahren er\u00f6ffnet. Am 19.08.2013 wurden die ersten Kinder in der neu er\u00f6ffneten <a href=\"https:\/\/www.montessori-kriftel.de\/?page_id=751\" target=\"_blank\" rel=\"noopener noreferrer\">Krippe<\/a> (maximal 10 Kinder, darunter 1 Kind mit besonderen Bed\u00fcrfnissen) aufgenommen.<\/p>\n<p>Die Tr\u00e4gerschaft der beiden Einrichtungen wurde zum 01.09.2022 auf kinder(t)r\u00e4ume Kelkheim gGmbH \u00fcbertragen. Auf der Mitgliederversammlung 2023 wurde beschlossen, den Verein als F\u00f6rderverein f\u00fcr die beiden Einrichtungen Montessori Kinderhaus und Krippe Monte Pikolino weiterzuf\u00fchren.<\/p>\n","protected":false},"excerpt":{"rendered":"<p>Wir sind ein gemeinn\u00fctziger Verein, der seit November 1994 besteht. Im September 1995 hat der Verein ein Montessori-Kinderhaus f\u00fcr 40 Kinder, darunter 4 Kinder mit besonderen Bed\u00fcrfnissen, im Alter von 3 bis 6 Jahren er\u00f6ffnet. Am 19.08.2013 wurden die ersten &hellip; <a href=\"https:\/\/www.montessori-kriftel.de\/\">Weiterlesen <span class=\"meta-nav\">&rarr;<\/span><\/a><\/p>\n","protected":false},"author":1,"featured_media":0,"parent":0,"menu_order":0,"comment_status":"closed","ping_status":"closed","template":"start.php","meta":{"footnotes":""},"class_list":["post-5","page","type-page","status-publish","hentry"],"_links":{"self":[{"href":"https:\/\/www.montessori-kriftel.de\/index.php?rest_route=\/wp\/v2\/pages\/5","targetHints":{"allow":["GET"]}}],"collection":[{"href":"https:\/\/www.montessori-kriftel.de\/index.php?rest_route=\/wp\/v2\/pages"}],"about":[{"href":"https:\/\/www.montessori-kriftel.de\/index.php?rest_route=\/wp\/v2\/types\/page"}],"author":[{"embeddable":true,"href":"https:\/\/www.montessori-kriftel.de\/index.php?rest_route=\/wp\/v2\/users\/1"}],"replies":[{"embeddable":true,"href":"https:\/\/www.montessori-kriftel.de\/index.php?rest_route=%2Fwp%2Fv2%2Fcomments&post=5"}],"version-history":[{"count":15,"href":"https:\/\/www.montessori-kriftel.de\/index.php?rest_route=\/wp\/v2\/pages\/5\/revisions"}],"predecessor-version":[{"id":2773,"href":"https:\/\/www.montessori-kriftel.de\/index.php?rest_route=\/wp\/v2\/pages\/5\/revisions\/2773"}],"wp:attachment":[{"href":"https:\/\/www.montessori-kriftel.de\/index.php?rest_route=%2Fwp%2Fv2%2Fmedia&parent=5"}],"curies":[{"name":"wp","href":"https:\/\/api.w.org\/{rel}","templated":true}]}}