{"id":765,"date":"2013-09-28T10:01:18","date_gmt":"2013-09-28T09:01:18","guid":{"rendered":"http:\/\/www.montessori-kriftel.de\/?page_id=765"},"modified":"2022-11-23T10:53:50","modified_gmt":"2022-11-23T09:53:50","slug":"kontakt-und-informationen","status":"publish","type":"page","link":"https:\/\/www.montessori-kriftel.de\/?page_id=765","title":{"rendered":"Kontakt und Informationen"},"content":{"rendered":"<p><strong>Krippengruppe:<\/strong> Telefon 0 61 92\/9 61 95 75, buero@kindertraeume-online.org<\/p>\n<p><strong>Adresse:<\/strong> Kapellenstra\u00dfe 50a, 65830 Kriftel<\/p>\n<p>Die Platzvergabe erfolgt \u00fcber die Gemeindeverwaltung Kriftel. Kinder m\u00fcssen dort angemeldet sein.<\/p>\n","protected":false},"excerpt":{"rendered":"<p>Krippengruppe: Telefon 0 61 92\/9 61 95 75, buero@kindertraeume-online.org Adresse: Kapellenstra\u00dfe 50a, 65830 Kriftel Die Platzvergabe erfolgt \u00fcber die Gemeindeverwaltung Kriftel. Kinder m\u00fcssen dort angemeldet sein.<\/p>\n","protected":false},"author":1,"featured_media":1915,"parent":751,"menu_order":0,"comment_status":"closed","ping_status":"closed","template":"","meta":{"footnotes":""},"class_list":["post-765","page","type-page","status-publish","has-post-thumbnail","hentry"],"_links":{"self":[{"href":"https:\/\/www.montessori-kriftel.de\/index.php?rest_route=\/wp\/v2\/pages\/765","targetHints":{"allow":["GET"]}}],"collection":[{"href":"https:\/\/www.montessori-kriftel.de\/index.php?rest_route=\/wp\/v2\/pages"}],"about":[{"href":"https:\/\/www.montessori-kriftel.de\/index.php?rest_route=\/wp\/v2\/types\/page"}],"author":[{"embeddable":true,"href":"https:\/\/www.montessori-kriftel.de\/index.php?rest_route=\/wp\/v2\/users\/1"}],"replies":[{"embeddable":true,"href":"https:\/\/www.montessori-kriftel.de\/index.php?rest_route=%2Fwp%2Fv2%2Fcomments&post=765"}],"version-history":[{"count":11,"href":"https:\/\/www.montessori-kriftel.de\/index.php?rest_route=\/wp\/v2\/pages\/765\/revisions"}],"predecessor-version":[{"id":2757,"href":"https:\/\/www.montessori-kriftel.de\/index.php?rest_route=\/wp\/v2\/pages\/765\/revisions\/2757"}],"up":[{"embeddable":true,"href":"https:\/\/www.montessori-kriftel.de\/index.php?rest_route=\/wp\/v2\/pages\/751"}],"wp:featuredmedia":[{"embeddable":true,"href":"https:\/\/www.montessori-kriftel.de\/index.php?rest_route=\/wp\/v2\/media\/1915"}],"wp:attachment":[{"href":"https:\/\/www.montessori-kriftel.de\/index.php?rest_route=%2Fwp%2Fv2%2Fmedia&parent=765"}],"curies":[{"name":"wp","href":"https:\/\/api.w.org\/{rel}","templated":true}]}}