{"id":9,"date":"2011-10-23T09:32:36","date_gmt":"2011-10-23T09:32:36","guid":{"rendered":"http:\/\/www.montessori-kriftel.de\/wordpress\/?page_id=9"},"modified":"2024-04-03T09:12:18","modified_gmt":"2024-04-03T08:12:18","slug":"verein","status":"publish","type":"page","link":"https:\/\/www.montessori-kriftel.de\/?page_id=9","title":{"rendered":"Verein"},"content":{"rendered":"<p>Der Montessori-Arbeitskreis Kriftel e. V. wurde im November 1994 gegr\u00fcndet. Er ist als gemeinn\u00fctzig unter der Nr. 10613 im Vereinsregister des Amtsgerichts Frankfurt eingetragen. Der Verein ist als Tr\u00e4ger der \u00f6ffentlichen Jugendhilfe anerkannt und hat am 1. September 1995 das Montessori-Kinderhaus Kriftel mit insgesamt 40 Pl\u00e4tzen er\u00f6ffnet. Mitte August 2013 wurde die Krippe Monte Pikolino er\u00f6ffnet, in der 10 Kinder ab 10 Monaten betreut werden.\u00a0Die Tr\u00e4gerschaft der beiden Einrichtungen Krippe und Kinderhaus wurde zum 01.09.2022 auf den Tr\u00e4ger Kinder(t)r\u00e4ume Kelkheim gGmbH \u00fcbertragen. Der Zweck des Vereins wurde auf der Mitgliederversammlung 2023 neu bestimmt.<\/p>\n<p>Zum Verein z\u00e4hlen zum Stand: 07\/2023 insgesamt 63 Mitglieder. Ab 01.01.2024 betr\u00e4gt der Jahresbeitrag\u00a0 30 \u20ac. Er ist steuerlich absetzbar.<\/p>\n<p><strong>Satzung:<\/strong> Die <a href=\"https:\/\/www.montessori-kriftel.de\/wp-content\/uploads\/2024\/04\/Satzung_neu-06-2023.pdf\" target=\"_blank\" rel=\"noopener\">Satzung<\/a> wurde von der Mitgliederversammlung ge\u00e4ndert.<\/p>\n<p><strong>Beitritt und K\u00fcndigung:<\/strong> Die Aufnahme in den Verein muss schriftlich beim Vorstand beantragt werden (-&gt; <a href=\"https:\/\/www.montessori-kriftel.de\/wp-content\/uploads\/2023\/07\/AufnahmeantragVerein.pdf\" target=\"_blank\" rel=\"noopener noreferrer\">Aufnahmeantrag<\/a>). Die K\u00fcndigung muss schriftlich erkl\u00e4rt werden. Sie wird jeweils zum 31.12. eines Jahres wirksam.<\/p>\n<p><strong>Mitgliederversammlung:<\/strong> Einmal im Jahr l\u00e4dt der Vorstand zur Jahreshauptversammlung ein. Die letzte <a href=\"https:\/\/www.montessori-kriftel.de\/wp-content\/uploads\/2023\/07\/23-06-28_ProtokollMVmitU.pdf\" target=\"_blank\" rel=\"noopener\">Mitgliederversammlung<\/a>, auf der auch der Vorstand neu gew\u00e4hlt wurde, fand am 28.06.2023 statt.<\/p>\n<p><strong>Bankverbindung:<\/strong><br \/>\nFrankfurter Volksbank Rhein-Main: IBAN DE46 5019 0000 6101 9622 00, BIC FFVBDEFF<br \/>\nTaunussparkasse: IBAN DE92 5125 0000 0042 3980 55, BIC HELADEF1TSK<\/p>\n<p><strong>Postanschrift:<\/strong><br \/>\nMontessori-Arbeitskreis Kriftel e. V.<br \/>\nFeldbergstra\u00dfe 2<br \/>\n65830 Kriftel<\/p>\n<p>Fax: 0 61 92 \/ 40 27 73<br \/>\nE-Mail: <a href=\"mailto:verwaltung@montessori-kriftel.de\">verwaltung@montessori-kriftel.de<\/a><\/p>\n","protected":false},"excerpt":{"rendered":"<p>Der Montessori-Arbeitskreis Kriftel e. V. wurde im November 1994 gegr\u00fcndet. Er ist als gemeinn\u00fctzig unter der Nr. 10613 im Vereinsregister des Amtsgerichts Frankfurt eingetragen. Der Verein ist als Tr\u00e4ger der \u00f6ffentlichen Jugendhilfe anerkannt und hat am 1. September 1995 das &hellip; <a href=\"https:\/\/www.montessori-kriftel.de\/?page_id=9\">Weiterlesen <span class=\"meta-nav\">&rarr;<\/span><\/a><\/p>\n","protected":false},"author":1,"featured_media":0,"parent":0,"menu_order":0,"comment_status":"closed","ping_status":"closed","template":"","meta":{"footnotes":""},"class_list":["post-9","page","type-page","status-publish","hentry"],"_links":{"self":[{"href":"https:\/\/www.montessori-kriftel.de\/index.php?rest_route=\/wp\/v2\/pages\/9","targetHints":{"allow":["GET"]}}],"collection":[{"href":"https:\/\/www.montessori-kriftel.de\/index.php?rest_route=\/wp\/v2\/pages"}],"about":[{"href":"https:\/\/www.montessori-kriftel.de\/index.php?rest_route=\/wp\/v2\/types\/page"}],"author":[{"embeddable":true,"href":"https:\/\/www.montessori-kriftel.de\/index.php?rest_route=\/wp\/v2\/users\/1"}],"replies":[{"embeddable":true,"href":"https:\/\/www.montessori-kriftel.de\/index.php?rest_route=%2Fwp%2Fv2%2Fcomments&post=9"}],"version-history":[{"count":58,"href":"https:\/\/www.montessori-kriftel.de\/index.php?rest_route=\/wp\/v2\/pages\/9\/revisions"}],"predecessor-version":[{"id":2820,"href":"https:\/\/www.montessori-kriftel.de\/index.php?rest_route=\/wp\/v2\/pages\/9\/revisions\/2820"}],"wp:attachment":[{"href":"https:\/\/www.montessori-kriftel.de\/index.php?rest_route=%2Fwp%2Fv2%2Fmedia&parent=9"}],"curies":[{"name":"wp","href":"https:\/\/api.w.org\/{rel}","templated":true}]}}